{"id":35,"date":"2022-08-17T16:11:06","date_gmt":"2022-08-17T14:11:06","guid":{"rendered":"https:\/\/arrakiseditions.fr\/?page_id=35"},"modified":"2022-08-17T16:11:07","modified_gmt":"2022-08-17T14:11:07","slug":"qui-sommes-nous","status":"publish","type":"page","link":"https:\/\/arrakiseditions.fr\/index.php\/qui-sommes-nous\/","title":{"rendered":"Qui sommes nous ?"},"content":{"rendered":"\n<p>Les \u00e9ditions Arrakis ont \u00e9t\u00e9 fond\u00e9es par Kyara Ohrond&#8230; Leur seule auteure pour l&rsquo;instant (coucou !). Mais nous esp\u00e9rons bien grandir jusqu&rsquo;\u00e0 pouvoir \u00e9diter d&rsquo;autres auteurs fran\u00e7ais !<\/p>\n\n\n\n<h2 class=\"wp-block-heading\">Kyara Ohrond<\/h2>\n\n\n\n<p>Kyara Ohrond est une auteure fran\u00e7aise (\u00e9tudiante en arch\u00e9ologie et directrice &#8211; ainsi que seule \u00ab\u00a0employ\u00e9e\u00a0\u00bb, accessoirement &#8211; des \u00e9ditions Arrakis \u00e0 ses heures perdues). Austiste Asperger, elle d\u00e9veloppe tr\u00e8s t\u00f4t un profond amour pour la litt\u00e9rature. Elle se plait \u00e0 joncher ses livres de r\u00e9f\u00e9rences \u00e0 tout ce qui peut l&rsquo;int\u00e9resser, de la mythologie \u00e0 la pop culture, en passant par la musique et l&rsquo;Histoire.<\/p>\n\n\n\n<p>N.B. : Elle se sent un peu b\u00eate d&rsquo;\u00e9crire sa propre bio, mais apparemment, c&rsquo;est un passage oblig\u00e9&#8230;<\/p>\n","protected":false},"excerpt":{"rendered":"<p>Les \u00e9ditions Arrakis ont \u00e9t\u00e9 fond\u00e9es par Kyara Ohrond&#8230; Leur seule auteure pour l&rsquo;instant (coucou !). Mais nous esp\u00e9rons bien grandir jusqu&rsquo;\u00e0 pouvoir \u00e9diter d&rsquo;autres auteurs fran\u00e7ais ! Kyara Ohrond Kyara Ohrond est une auteure fran\u00e7aise (\u00e9tudiante en arch\u00e9ologie et directrice &#8211; ainsi que seule \u00ab\u00a0employ\u00e9e\u00a0\u00bb, accessoirement &#8211; des \u00e9ditions Arrakis \u00e0 ses heures perdues). [&hellip;]<\/p>\n","protected":false},"author":1,"featured_media":0,"parent":0,"menu_order":0,"comment_status":"closed","ping_status":"closed","template":"","meta":{"om_disable_all_campaigns":false,"_monsterinsights_skip_tracking":false,"_monsterinsights_sitenote_active":false,"_monsterinsights_sitenote_note":"","_monsterinsights_sitenote_category":0,"footnotes":""},"class_list":["post-35","page","type-page","status-publish","hentry"],"aioseo_notices":[],"jetpack_sharing_enabled":true,"_links":{"self":[{"href":"https:\/\/arrakiseditions.fr\/index.php\/wp-json\/wp\/v2\/pages\/35","targetHints":{"allow":["GET"]}}],"collection":[{"href":"https:\/\/arrakiseditions.fr\/index.php\/wp-json\/wp\/v2\/pages"}],"about":[{"href":"https:\/\/arrakiseditions.fr\/index.php\/wp-json\/wp\/v2\/types\/page"}],"author":[{"embeddable":true,"href":"https:\/\/arrakiseditions.fr\/index.php\/wp-json\/wp\/v2\/users\/1"}],"replies":[{"embeddable":true,"href":"https:\/\/arrakiseditions.fr\/index.php\/wp-json\/wp\/v2\/comments?post=35"}],"version-history":[{"count":1,"href":"https:\/\/arrakiseditions.fr\/index.php\/wp-json\/wp\/v2\/pages\/35\/revisions"}],"predecessor-version":[{"id":37,"href":"https:\/\/arrakiseditions.fr\/index.php\/wp-json\/wp\/v2\/pages\/35\/revisions\/37"}],"wp:attachment":[{"href":"https:\/\/arrakiseditions.fr\/index.php\/wp-json\/wp\/v2\/media?parent=35"}],"curies":[{"name":"wp","href":"https:\/\/api.w.org\/{rel}","templated":true}]}}