{"id":53,"date":"2022-08-17T18:21:58","date_gmt":"2022-08-17T16:21:58","guid":{"rendered":"https:\/\/arrakiseditions.fr\/?page_id=53"},"modified":"2025-08-23T15:34:09","modified_gmt":"2025-08-23T13:34:09","slug":"mentions-legales","status":"publish","type":"page","link":"https:\/\/arrakiseditions.fr\/index.php\/mentions-legales\/","title":{"rendered":"Mentions l\u00e9gales"},"content":{"rendered":"\n<p><strong>Editions Arrakis<\/strong><\/p>\n\n\n\n<p>Kyara Ohrond<\/p>\n\n\n\n<p>Num\u00e9ro RCS : Dijon A 914168091<\/p>\n\n\n\n<p>arrakiseditions@gmail.com<\/p>\n\n\n\n<p>0648112030<\/p>\n\n\n\n<p>TVA non applicable, art. 293 B du CGI<\/p>\n\n\n\n<p>H\u00e9bergeur : Hostinger &#8211; 61 Lordou Vironos Street, 6023 Larnaca, Chypre &#8211; https:\/\/www.<strong>hostinger<\/strong>.fr\/contact (pas de num\u00e9ro de t\u00e9l\u00e9phone renseign\u00e9)<\/p>\n\n\n\n<p>Tous les textes et images diffus\u00e9es sur ce site sont soumis au copyright tous droits r\u00e9serv\u00e9s (copyright 2022 Kyara Ohrond). L&rsquo;utilisation de ce site et de ses contenus par l&rsquo;intelligence artificielle, quel qu&rsquo;en soit l&rsquo;objectif, est strictement interdite et m\u00e8nera \u00e0 des poursuites judiciaires. <\/p>\n","protected":false},"excerpt":{"rendered":"<p>Editions Arrakis Kyara Ohrond Num\u00e9ro RCS : Dijon A 914168091 arrakiseditions@gmail.com 0648112030 TVA non applicable, art. 293 B du CGI H\u00e9bergeur : Hostinger &#8211; 61 Lordou Vironos Street, 6023 Larnaca, Chypre &#8211; https:\/\/www.hostinger.fr\/contact (pas de num\u00e9ro de t\u00e9l\u00e9phone renseign\u00e9) Tous les textes et images diffus\u00e9es sur ce site sont soumis au copyright tous droits r\u00e9serv\u00e9s [&hellip;]<\/p>\n","protected":false},"author":1,"featured_media":0,"parent":0,"menu_order":0,"comment_status":"closed","ping_status":"closed","template":"","meta":{"om_disable_all_campaigns":false,"_monsterinsights_skip_tracking":false,"_monsterinsights_sitenote_active":false,"_monsterinsights_sitenote_note":"","_monsterinsights_sitenote_category":0,"footnotes":""},"class_list":["post-53","page","type-page","status-publish","hentry"],"aioseo_notices":[],"jetpack_sharing_enabled":true,"_links":{"self":[{"href":"https:\/\/arrakiseditions.fr\/index.php\/wp-json\/wp\/v2\/pages\/53","targetHints":{"allow":["GET"]}}],"collection":[{"href":"https:\/\/arrakiseditions.fr\/index.php\/wp-json\/wp\/v2\/pages"}],"about":[{"href":"https:\/\/arrakiseditions.fr\/index.php\/wp-json\/wp\/v2\/types\/page"}],"author":[{"embeddable":true,"href":"https:\/\/arrakiseditions.fr\/index.php\/wp-json\/wp\/v2\/users\/1"}],"replies":[{"embeddable":true,"href":"https:\/\/arrakiseditions.fr\/index.php\/wp-json\/wp\/v2\/comments?post=53"}],"version-history":[{"count":3,"href":"https:\/\/arrakiseditions.fr\/index.php\/wp-json\/wp\/v2\/pages\/53\/revisions"}],"predecessor-version":[{"id":113,"href":"https:\/\/arrakiseditions.fr\/index.php\/wp-json\/wp\/v2\/pages\/53\/revisions\/113"}],"wp:attachment":[{"href":"https:\/\/arrakiseditions.fr\/index.php\/wp-json\/wp\/v2\/media?parent=53"}],"curies":[{"name":"wp","href":"https:\/\/api.w.org\/{rel}","templated":true}]}}