{"id":121,"date":"2025-11-25T12:02:53","date_gmt":"2025-11-25T10:02:53","guid":{"rendered":"https:\/\/arrakiseditions.fr\/?post_type=product&#038;p=121"},"modified":"2025-11-25T12:02:53","modified_gmt":"2025-11-25T10:02:53","slug":"lapprentie-du-marchand-de-reves-tome-1-les-voleurs-de-feu","status":"publish","type":"product","link":"https:\/\/arrakiseditions.fr\/index.php\/product\/lapprentie-du-marchand-de-reves-tome-1-les-voleurs-de-feu\/","title":{"rendered":"L&rsquo;Apprentie du Marchand de R\u00eaves &#8211; Tome 1 : Les Voleurs de Feu"},"content":{"rendered":"<p>Comme tous les enfants de son monde, Diana n&rsquo;a jamais r\u00eav\u00e9. Les esprits des R\u00eaves ont disparu depuis longtemps, vaincus par les montres des cauchemars. C&rsquo;est du moins ce que croit la coll\u00e9gienne, jusqu&rsquo;\u00e0 ce qu&rsquo;elle d\u00e9couvre que son ami Kit est accompagn\u00e9 non pas par un monstre&#8230; mais par un esprit des R\u00eaves !<\/p>\n<p>C&rsquo;est ainsi que la jeune fille se retrouve entra\u00een\u00e9e dans une \u00e9pop\u00e9e aussi magique que dangereuse, accompagn\u00e9e de Jour, le p\u00e9tillant esprit des R\u00eaves, et de Nuit, le myst\u00e9rieux monstre des Cauchemars&#8230;<\/p>\n<p>Une r\u00e9cit qui ravira aussi bien les petits aventuriers (\u00e0 partir de 8 ans) que leurs parents !<\/p>\n","protected":false},"excerpt":{"rendered":"<p>Comme tous les enfants de son monde, Diana n&rsquo;a jamais r\u00eav\u00e9. Les esprits des R\u00eaves ont disparu depuis longtemps, vaincus par les montres des cauchemars. C&rsquo;est du moins ce que croit la coll\u00e9gienne, jusqu&rsquo;\u00e0 ce qu&rsquo;elle d\u00e9couvre que son ami Kit est accompagn\u00e9 non pas par un monstre&#8230; mais par un esprit des R\u00eaves !<\/p>\n<p>C&rsquo;est ainsi que la jeune fille se retrouve entra\u00een\u00e9e dans une \u00e9pop\u00e9e aussi magique que dangereuse, accompagn\u00e9e de Jour, le p\u00e9tillant esprit des R\u00eaves, et de Nuit, le myst\u00e9rieux monstre des Cauchemars&#8230;<\/p>\n<p>Une r\u00e9cit qui ravira aussi bien les petits aventuriers (\u00e0 partir de 8 ans) que leurs parents !<\/p>\n","protected":false},"featured_media":122,"comment_status":"open","ping_status":"closed","template":"","meta":{"om_disable_all_campaigns":false,"_monsterinsights_skip_tracking":false,"_monsterinsights_sitenote_active":false,"_monsterinsights_sitenote_note":"","_monsterinsights_sitenote_category":0},"product_brand":[],"product_cat":[16],"product_tag":[],"class_list":{"0":"post-121","1":"product","2":"type-product","3":"status-publish","4":"has-post-thumbnail","6":"product_cat-fantasy","8":"first","9":"instock","10":"shipping-taxable","11":"purchasable","12":"product-type-simple"},"aioseo_notices":[],"jetpack_sharing_enabled":true,"_links":{"self":[{"href":"https:\/\/arrakiseditions.fr\/index.php\/wp-json\/wp\/v2\/product\/121","targetHints":{"allow":["GET"]}}],"collection":[{"href":"https:\/\/arrakiseditions.fr\/index.php\/wp-json\/wp\/v2\/product"}],"about":[{"href":"https:\/\/arrakiseditions.fr\/index.php\/wp-json\/wp\/v2\/types\/product"}],"replies":[{"embeddable":true,"href":"https:\/\/arrakiseditions.fr\/index.php\/wp-json\/wp\/v2\/comments?post=121"}],"wp:featuredmedia":[{"embeddable":true,"href":"https:\/\/arrakiseditions.fr\/index.php\/wp-json\/wp\/v2\/media\/122"}],"wp:attachment":[{"href":"https:\/\/arrakiseditions.fr\/index.php\/wp-json\/wp\/v2\/media?parent=121"}],"wp:term":[{"taxonomy":"product_brand","embeddable":true,"href":"https:\/\/arrakiseditions.fr\/index.php\/wp-json\/wp\/v2\/product_brand?post=121"},{"taxonomy":"product_cat","embeddable":true,"href":"https:\/\/arrakiseditions.fr\/index.php\/wp-json\/wp\/v2\/product_cat?post=121"},{"taxonomy":"product_tag","embeddable":true,"href":"https:\/\/arrakiseditions.fr\/index.php\/wp-json\/wp\/v2\/product_tag?post=121"}],"curies":[{"name":"wp","href":"https:\/\/api.w.org\/{rel}","templated":true}]}}