{"id":21,"date":"2022-08-17T16:52:48","date_gmt":"2022-08-17T14:52:48","guid":{"rendered":"https:\/\/arrakiseditions.fr\/?post_type=product&#038;p=21"},"modified":"2025-08-18T15:48:04","modified_gmt":"2025-08-18T13:48:04","slug":"x-tome-2-le-sang-du-dragon","status":"publish","type":"product","link":"https:\/\/arrakiseditions.fr\/index.php\/product\/x-tome-2-le-sang-du-dragon\/","title":{"rendered":"X &#8211; Tome 2 : Le Sang du Dragon"},"content":{"rendered":"<p>On fait tous des erreurs. Mettre trop de sucre dans son caf\u00e9. Casser une assiette. Ou\u2026 ressusciter une archange d\u00e9chue ?<\/p>\n<p>Si elle n\u2019\u00e9tait pas trop occup\u00e9e \u00e0 s\u2019\u00e9chapper des griffes de Lucifer (et si elle \u00e9tait au courant), Auva l\u00e8verait les yeux au ciel, \u00e0 n\u2019en point douter.<\/p>\n<p>Peut-on r\u00e9ellement faire confiance \u00e0 l\u2019ind\u00e9chiffrable Azrael ? Le fraichement nomm\u00e9 X, qui peine encore \u00e0 se remettre de son s\u00e9jour aux Enfers, en doute.<\/p>\n<p>Quelles sont les v\u00e9ritables intentions de l\u2019ancienne alli\u00e9e du Diable ? Et surtout, pourquoi semble-t-elle tellement fascin\u00e9e par Adhara ?<\/p>\n","protected":false},"excerpt":{"rendered":"<p>On fait tous des erreurs. Mettre trop de sucre dans son caf\u00e9. Casser une assiette. Ou\u2026 ressusciter une archange d\u00e9chue ?<\/p>\n<p>Si elle n\u2019\u00e9tait pas trop occup\u00e9e \u00e0 s\u2019\u00e9chapper des griffes de Lucifer (et si elle \u00e9tait au courant), Auva l\u00e8verait les yeux au ciel, \u00e0 n\u2019en point douter.<\/p>\n<p>Peut-on r\u00e9ellement faire confiance \u00e0 l\u2019ind\u00e9chiffrable Azrael ? Le fraichement nomm\u00e9 X, qui peine encore \u00e0 se remettre de son s\u00e9jour aux Enfers, en doute.<\/p>\n<p>Quelles sont les v\u00e9ritables intentions de l\u2019ancienne alli\u00e9e du Diable ? Et surtout, pourquoi semble-t-elle tellement fascin\u00e9e par Adhara ?<\/p>\n","protected":false},"featured_media":23,"comment_status":"open","ping_status":"closed","template":"","meta":{"om_disable_all_campaigns":false,"_monsterinsights_skip_tracking":false,"_monsterinsights_sitenote_active":false,"_monsterinsights_sitenote_note":"","_monsterinsights_sitenote_category":0},"product_brand":[],"product_cat":[16],"product_tag":[],"class_list":{"0":"post-21","1":"product","2":"type-product","3":"status-publish","4":"has-post-thumbnail","6":"product_cat-fantasy","8":"first","9":"instock","10":"shipping-taxable","11":"purchasable","12":"product-type-simple"},"aioseo_notices":[],"jetpack_sharing_enabled":true,"_links":{"self":[{"href":"https:\/\/arrakiseditions.fr\/index.php\/wp-json\/wp\/v2\/product\/21","targetHints":{"allow":["GET"]}}],"collection":[{"href":"https:\/\/arrakiseditions.fr\/index.php\/wp-json\/wp\/v2\/product"}],"about":[{"href":"https:\/\/arrakiseditions.fr\/index.php\/wp-json\/wp\/v2\/types\/product"}],"replies":[{"embeddable":true,"href":"https:\/\/arrakiseditions.fr\/index.php\/wp-json\/wp\/v2\/comments?post=21"}],"wp:featuredmedia":[{"embeddable":true,"href":"https:\/\/arrakiseditions.fr\/index.php\/wp-json\/wp\/v2\/media\/23"}],"wp:attachment":[{"href":"https:\/\/arrakiseditions.fr\/index.php\/wp-json\/wp\/v2\/media?parent=21"}],"wp:term":[{"taxonomy":"product_brand","embeddable":true,"href":"https:\/\/arrakiseditions.fr\/index.php\/wp-json\/wp\/v2\/product_brand?post=21"},{"taxonomy":"product_cat","embeddable":true,"href":"https:\/\/arrakiseditions.fr\/index.php\/wp-json\/wp\/v2\/product_cat?post=21"},{"taxonomy":"product_tag","embeddable":true,"href":"https:\/\/arrakiseditions.fr\/index.php\/wp-json\/wp\/v2\/product_tag?post=21"}],"curies":[{"name":"wp","href":"https:\/\/api.w.org\/{rel}","templated":true}]}}