{"id":41,"date":"2022-08-17T16:52:12","date_gmt":"2022-08-17T14:52:12","guid":{"rendered":"https:\/\/arrakiseditions.fr\/?post_type=product&#038;p=41"},"modified":"2025-10-27T11:33:42","modified_gmt":"2025-10-27T09:33:42","slug":"hunters-shade-tome-1-viens-et-vois","status":"publish","type":"product","link":"https:\/\/arrakiseditions.fr\/index.php\/product\/hunters-shade-tome-1-viens-et-vois\/","title":{"rendered":"Hunter&rsquo;s Shade &#8211; Tome 1 : Viens et Vois"},"content":{"rendered":"<p>Ann\u00e9es 4 000. Depuis qu\u2019Ouranos, un andro\u00efde meurtrier, a d\u00e9cim\u00e9 la plus grande partie de l\u2019humanit\u00e9, la face du monde a chang\u00e9. L\u2019esp\u00e8ce humaine s\u2019est difficilement reconstruite, perdue dans un violent \u00e9lan de x\u00e9nophobie.<\/p>\n<p>C\u2019est dans ce monde qu\u2019est n\u00e9 Hunter. Combattant prodige dans un pays tourn\u00e9 vers la guerre, il a toujours eu une vie facile. Mais tout bascule quand il devient la proie des guerriers d\u2019Ouranos. Alors qu\u2019il se d\u00e9couvre des pouvoirs qu\u2019il ne comprend pas, Hunter doit fuir, avec pour seul conseil les derni\u00e8res paroles de son roi : \u00ab Trouve Ga\u00efa \u00bb.<\/p>\n<p>Les Cavaliers se l\u00e8vent. L\u2019apocalypse est proche. Et Hunter ignore encore tout du r\u00f4le qu\u2019il est cens\u00e9 jouer.<\/p>\n","protected":false},"excerpt":{"rendered":"<p>Ann\u00e9es 4 000. Depuis qu\u2019Ouranos, un andro\u00efde meurtrier, a d\u00e9cim\u00e9 la plus grande partie de l\u2019humanit\u00e9, la face du monde a chang\u00e9. L\u2019esp\u00e8ce humaine s\u2019est difficilement reconstruite, perdue dans un violent \u00e9lan de x\u00e9nophobie.<\/p>\n<p>C\u2019est dans ce monde qu\u2019est n\u00e9 Hunter. Combattant prodige dans un pays tourn\u00e9 vers la guerre, il a toujours eu une vie facile. Mais tout bascule quand il devient la proie des guerriers d\u2019Ouranos. Alors qu\u2019il se d\u00e9couvre des pouvoirs qu\u2019il ne comprend pas, Hunter doit fuir, avec pour seul conseil les derni\u00e8res paroles de son roi : \u00ab Trouve Ga\u00efa \u00bb.<\/p>\n<p>Les Cavaliers se l\u00e8vent. L\u2019apocalypse est proche. Et Hunter ignore encore tout du r\u00f4le qu\u2019il est cens\u00e9 jouer.<\/p>\n","protected":false},"featured_media":42,"comment_status":"open","ping_status":"closed","template":"","meta":{"om_disable_all_campaigns":false,"_monsterinsights_skip_tracking":false,"_monsterinsights_sitenote_active":false,"_monsterinsights_sitenote_note":"","_monsterinsights_sitenote_category":0},"product_brand":[],"product_cat":[16,19],"product_tag":[],"class_list":{"0":"post-41","1":"product","2":"type-product","3":"status-publish","4":"has-post-thumbnail","6":"product_cat-fantasy","7":"product_cat-post-apocalyptique","9":"first","10":"instock","11":"shipping-taxable","12":"purchasable","13":"product-type-simple"},"aioseo_notices":[],"jetpack_sharing_enabled":true,"_links":{"self":[{"href":"https:\/\/arrakiseditions.fr\/index.php\/wp-json\/wp\/v2\/product\/41","targetHints":{"allow":["GET"]}}],"collection":[{"href":"https:\/\/arrakiseditions.fr\/index.php\/wp-json\/wp\/v2\/product"}],"about":[{"href":"https:\/\/arrakiseditions.fr\/index.php\/wp-json\/wp\/v2\/types\/product"}],"replies":[{"embeddable":true,"href":"https:\/\/arrakiseditions.fr\/index.php\/wp-json\/wp\/v2\/comments?post=41"}],"wp:featuredmedia":[{"embeddable":true,"href":"https:\/\/arrakiseditions.fr\/index.php\/wp-json\/wp\/v2\/media\/42"}],"wp:attachment":[{"href":"https:\/\/arrakiseditions.fr\/index.php\/wp-json\/wp\/v2\/media?parent=41"}],"wp:term":[{"taxonomy":"product_brand","embeddable":true,"href":"https:\/\/arrakiseditions.fr\/index.php\/wp-json\/wp\/v2\/product_brand?post=41"},{"taxonomy":"product_cat","embeddable":true,"href":"https:\/\/arrakiseditions.fr\/index.php\/wp-json\/wp\/v2\/product_cat?post=41"},{"taxonomy":"product_tag","embeddable":true,"href":"https:\/\/arrakiseditions.fr\/index.php\/wp-json\/wp\/v2\/product_tag?post=41"}],"curies":[{"name":"wp","href":"https:\/\/api.w.org\/{rel}","templated":true}]}}