{"id":43,"date":"2022-08-17T16:57:20","date_gmt":"2022-08-17T14:57:20","guid":{"rendered":"https:\/\/arrakiseditions.fr\/?post_type=product&#038;p=43"},"modified":"2025-10-27T11:35:25","modified_gmt":"2025-10-27T09:35:25","slug":"hunters-shade-tome-2-vaincs","status":"publish","type":"product","link":"https:\/\/arrakiseditions.fr\/index.php\/product\/hunters-shade-tome-2-vaincs\/","title":{"rendered":"Hunter&rsquo;s Shade &#8211; Tome 2 : Vaincs"},"content":{"rendered":"<p>Le plan d\u2019Ouranos se met en place. Bient\u00f4t, l\u2019humanit\u00e9 devra faire face \u00e0 son destin.<\/p>\n<p>Pour le jeune roi Lahire et ses alli\u00e9s de fortune, l\u2019abandon n\u2019est pas une option. Mais face \u00e0 des \u00eatres aussi puissants que les Cavaliers, qu\u2019esp\u00e9rer d\u2019une arm\u00e9e dirig\u00e9e par un adolescent ? De son c\u00f4t\u00e9, Hunter n\u2019en d\u00e9mord pas : il vengera sa m\u00e8re, malgr\u00e9 les r\u00e9serves de Ga\u00efa.<\/p>\n<p>Dans ce monde au bord de l\u2019ab\u00eeme, les choix sont plus dangereux que l\u2019on croit, et la fronti\u00e8re entre le monstre et le h\u00e9ros se fait plus mince que jamais&#8230;<\/p>\n","protected":false},"excerpt":{"rendered":"<p>Le plan d\u2019Ouranos se met en place. Bient\u00f4t, l\u2019humanit\u00e9 devra faire face \u00e0 son destin.<\/p>\n<p>Pour le jeune roi Lahire et ses alli\u00e9s de fortune, l\u2019abandon n\u2019est pas une option. Mais face \u00e0 des \u00eatres aussi puissants que les Cavaliers, qu\u2019esp\u00e9rer d\u2019une arm\u00e9e dirig\u00e9e par un adolescent ? De son c\u00f4t\u00e9, Hunter n\u2019en d\u00e9mord pas : il vengera sa m\u00e8re, malgr\u00e9 les r\u00e9serves de Ga\u00efa.<\/p>\n<p>Dans ce monde au bord de l\u2019ab\u00eeme, les choix sont plus dangereux que l\u2019on croit, et la fronti\u00e8re entre le monstre et le h\u00e9ros se fait plus mince que jamais&#8230;<\/p>\n","protected":false},"featured_media":44,"comment_status":"open","ping_status":"closed","template":"","meta":{"om_disable_all_campaigns":false,"_monsterinsights_skip_tracking":false,"_monsterinsights_sitenote_active":false,"_monsterinsights_sitenote_note":"","_monsterinsights_sitenote_category":0},"product_brand":[],"product_cat":[16,19],"product_tag":[],"class_list":{"0":"post-43","1":"product","2":"type-product","3":"status-publish","4":"has-post-thumbnail","6":"product_cat-fantasy","7":"product_cat-post-apocalyptique","9":"first","10":"instock","11":"shipping-taxable","12":"purchasable","13":"product-type-simple"},"aioseo_notices":[],"jetpack_sharing_enabled":true,"_links":{"self":[{"href":"https:\/\/arrakiseditions.fr\/index.php\/wp-json\/wp\/v2\/product\/43","targetHints":{"allow":["GET"]}}],"collection":[{"href":"https:\/\/arrakiseditions.fr\/index.php\/wp-json\/wp\/v2\/product"}],"about":[{"href":"https:\/\/arrakiseditions.fr\/index.php\/wp-json\/wp\/v2\/types\/product"}],"replies":[{"embeddable":true,"href":"https:\/\/arrakiseditions.fr\/index.php\/wp-json\/wp\/v2\/comments?post=43"}],"wp:featuredmedia":[{"embeddable":true,"href":"https:\/\/arrakiseditions.fr\/index.php\/wp-json\/wp\/v2\/media\/44"}],"wp:attachment":[{"href":"https:\/\/arrakiseditions.fr\/index.php\/wp-json\/wp\/v2\/media?parent=43"}],"wp:term":[{"taxonomy":"product_brand","embeddable":true,"href":"https:\/\/arrakiseditions.fr\/index.php\/wp-json\/wp\/v2\/product_brand?post=43"},{"taxonomy":"product_cat","embeddable":true,"href":"https:\/\/arrakiseditions.fr\/index.php\/wp-json\/wp\/v2\/product_cat?post=43"},{"taxonomy":"product_tag","embeddable":true,"href":"https:\/\/arrakiseditions.fr\/index.php\/wp-json\/wp\/v2\/product_tag?post=43"}],"curies":[{"name":"wp","href":"https:\/\/api.w.org\/{rel}","templated":true}]}}