{"id":86,"date":"2023-11-08T16:07:45","date_gmt":"2023-11-08T14:07:45","guid":{"rendered":"https:\/\/arrakiseditions.fr\/?post_type=product&#038;p=86"},"modified":"2025-08-18T15:48:04","modified_gmt":"2025-08-18T13:48:04","slug":"precommande-x-tome-3-le-dernier-secret","status":"publish","type":"product","link":"https:\/\/arrakiseditions.fr\/index.php\/product\/precommande-x-tome-3-le-dernier-secret\/","title":{"rendered":"X &#8211; Tome 3 : Le Dernier Secret"},"content":{"rendered":"<p style=\"text-align: center;\"><em>Par le chaos s\u2019annoncera<\/em><\/p>\n<p style=\"text-align: center;\"><em>Celui qui des astres pourra<\/em><\/p>\n<p style=\"text-align: center;\"><em>\u00c0 jamais \u00e9teindre l\u2019\u00e9clat<\/em><\/p>\n<p style=\"text-align: center;\"><em>Des deux mondes na\u00eetront ses pouvoirs<\/em><\/p>\n<p style=\"text-align: center;\"><em>Et de son \u00e2me hybride, \u00e0 la fois blanche et noire<\/em><\/p>\n<p style=\"text-align: center;\"><em>Jailliront la paix ou le d\u00e9sespoir<\/em><\/p>\n<p style=\"text-align: center;\"><em>Ses c\u0153urs supplici\u00e9s sonneront la fin<\/em><\/p>\n<p style=\"text-align: center;\"><em>Au cr\u00e9puscule, meurtre de l\u2019ancien<\/em><\/p>\n<p style=\"text-align: center;\"><em>\u00c0 l\u2019aube, promesse du lendemain<\/em><\/p>\n<p style=\"text-align: center;\"><em>L\u2019\u00e2me du Destructeur ne pourra fl\u00e9chir<\/em><\/p>\n<p style=\"text-align: center;\"><em>Que face \u00e0 deux c\u0153urs indomptables<\/em><\/p>\n<p style=\"text-align: center;\"><em>L\u2019Immortel, \u00e0 jamais priv\u00e9 de p\u00e9rir<\/em><\/p>\n<p style=\"text-align: center;\"><em>Et l\u2019\u00c9lu, fils du dragon redoutable.<\/em><\/p>\n<p style=\"text-align: center;\">La trilogie se termine. L&rsquo;heure de la proph\u00e9tie a sonn\u00e9. Nul n&rsquo;en sortira indemne.<\/p>\n","protected":false},"excerpt":{"rendered":"<p><em>Par le chaos s\u2019annoncera<\/em><\/p>\n<p><em>Celui qui des astres pourra<\/em><\/p>\n<p><em>\u00c0 jamais \u00e9teindre l\u2019\u00e9clat<\/em><\/p>\n<p><em>Des deux mondes na\u00eetront ses pouvoirs<\/em><\/p>\n<p><em>Et de son \u00e2me hybride, \u00e0 la fois blanche et noire<\/em><\/p>\n<p><em>Jailliront la paix ou le d\u00e9sespoir<\/em><\/p>\n<p><em>Ses c\u0153urs supplici\u00e9s sonneront la fin<\/em><\/p>\n<p><em>Au cr\u00e9puscule, meurtre de l\u2019ancien<\/em><\/p>\n<p><em>\u00c0 l\u2019aube, promesse du lendemain<\/em><\/p>\n<p><em>L\u2019\u00e2me du Destructeur ne pourra fl\u00e9chir<\/em><\/p>\n<p><em>Que face \u00e0 deux c\u0153urs indomptables<\/em><\/p>\n<p><em>L\u2019Immortel, \u00e0 jamais priv\u00e9 de p\u00e9rir<\/em><\/p>\n<p><em>Et l\u2019\u00c9lu, fils du dragon redoutable.<\/em><\/p>\n<p>La trilogie se termine. L&rsquo;heure de la proph\u00e9tie a sonn\u00e9. Nul n&rsquo;en sortira indemne.<\/p>\n","protected":false},"featured_media":87,"comment_status":"open","ping_status":"closed","template":"","meta":{"om_disable_all_campaigns":false,"_monsterinsights_skip_tracking":false,"_monsterinsights_sitenote_active":false,"_monsterinsights_sitenote_note":"","_monsterinsights_sitenote_category":0},"product_brand":[],"product_cat":[15],"product_tag":[],"class_list":{"0":"post-86","1":"product","2":"type-product","3":"status-publish","4":"has-post-thumbnail","6":"product_cat-uncategorized","8":"first","9":"instock","10":"shipping-taxable","11":"purchasable","12":"product-type-simple"},"aioseo_notices":[],"jetpack_sharing_enabled":true,"_links":{"self":[{"href":"https:\/\/arrakiseditions.fr\/index.php\/wp-json\/wp\/v2\/product\/86","targetHints":{"allow":["GET"]}}],"collection":[{"href":"https:\/\/arrakiseditions.fr\/index.php\/wp-json\/wp\/v2\/product"}],"about":[{"href":"https:\/\/arrakiseditions.fr\/index.php\/wp-json\/wp\/v2\/types\/product"}],"replies":[{"embeddable":true,"href":"https:\/\/arrakiseditions.fr\/index.php\/wp-json\/wp\/v2\/comments?post=86"}],"wp:featuredmedia":[{"embeddable":true,"href":"https:\/\/arrakiseditions.fr\/index.php\/wp-json\/wp\/v2\/media\/87"}],"wp:attachment":[{"href":"https:\/\/arrakiseditions.fr\/index.php\/wp-json\/wp\/v2\/media?parent=86"}],"wp:term":[{"taxonomy":"product_brand","embeddable":true,"href":"https:\/\/arrakiseditions.fr\/index.php\/wp-json\/wp\/v2\/product_brand?post=86"},{"taxonomy":"product_cat","embeddable":true,"href":"https:\/\/arrakiseditions.fr\/index.php\/wp-json\/wp\/v2\/product_cat?post=86"},{"taxonomy":"product_tag","embeddable":true,"href":"https:\/\/arrakiseditions.fr\/index.php\/wp-json\/wp\/v2\/product_tag?post=86"}],"curies":[{"name":"wp","href":"https:\/\/api.w.org\/{rel}","templated":true}]}}