{"id":88,"date":"2023-11-11T15:20:35","date_gmt":"2023-11-11T13:20:35","guid":{"rendered":"https:\/\/arrakiseditions.fr\/?post_type=product&#038;p=88"},"modified":"2026-01-01T23:22:34","modified_gmt":"2026-01-01T21:22:34","slug":"offre-speciale-x-pack-trilogie-precommande","status":"publish","type":"product","link":"https:\/\/arrakiseditions.fr\/index.php\/product\/offre-speciale-x-pack-trilogie-precommande\/","title":{"rendered":"Promo de No\u00ebl ! X &#8211; Pack trilogie"},"content":{"rendered":"<p>Quel trio semblerait plus mal assorti qu&rsquo;un angelot \u00e0 cornes un poil trop enthousiaste, une ange masqu\u00e9e qui a oubli\u00e9 le sens du mot ang\u00e9lique, et une d\u00e9mone au caract\u00e8re de cochon ? Et pourtant&#8230; Non, en fait, ils sont <em>vraiment<\/em> mal assortis. Mais bon, faut bien faire avec ce qu&rsquo;on a, n&rsquo;est-ce pas ? Au programme : de l&rsquo;action, de l&rsquo;aventure, de l&rsquo;\u00e9motion, des gaffes et de l&rsquo;humour ! Et Lucifer. Oui, il s&rsquo;est invit\u00e9. Forc\u00e9ment.<\/p>\n<p>Un cadeau parfait pour les lecteurs de 12 ans \u00e0 666 millions d&rsquo;ann\u00e9es, approuv\u00e9 par le Diable en personne !<\/p>\n<p>Inclus : X &#8211; Tome 1 : Les Joyaux des Archanges ; X &#8211; Tome 2 : Le Sang du Dragon ; X &#8211; Tome 3 : Le Dernier Secret<\/p>\n","protected":false},"excerpt":{"rendered":"<p>Quel trio semblerait plus mal assorti qu&rsquo;un angelot \u00e0 cornes un poil trop enthousiaste, une ange masqu\u00e9e qui a oubli\u00e9 le sens du mot ang\u00e9lique, et une d\u00e9mone au caract\u00e8re de cochon ? Et pourtant&#8230; Non, en fait, ils sont <em>vraiment<\/em> mal assortis. Mais bon, faut bien faire avec ce qu&rsquo;on a, n&rsquo;est-ce pas ? Au programme : de l&rsquo;action, de l&rsquo;aventure, de l&rsquo;\u00e9motion, des gaffes et de l&rsquo;humour ! Et Lucifer. Oui, il s&rsquo;est invit\u00e9. Forc\u00e9ment.<\/p>\n<p>Un cadeau parfait pour les lecteurs de 12 ans \u00e0 666 millions d&rsquo;ann\u00e9es, approuv\u00e9 par le Diable en personne !<\/p>\n","protected":false},"featured_media":89,"comment_status":"open","ping_status":"closed","template":"","meta":{"om_disable_all_campaigns":false,"_monsterinsights_skip_tracking":false,"_monsterinsights_sitenote_active":false,"_monsterinsights_sitenote_note":"","_monsterinsights_sitenote_category":0},"product_brand":[],"product_cat":[16],"product_tag":[],"class_list":{"0":"post-88","1":"product","2":"type-product","3":"status-publish","4":"has-post-thumbnail","6":"product_cat-fantasy","8":"first","9":"instock","10":"shipping-taxable","11":"purchasable","12":"product-type-simple"},"aioseo_notices":[],"jetpack_sharing_enabled":true,"_links":{"self":[{"href":"https:\/\/arrakiseditions.fr\/index.php\/wp-json\/wp\/v2\/product\/88","targetHints":{"allow":["GET"]}}],"collection":[{"href":"https:\/\/arrakiseditions.fr\/index.php\/wp-json\/wp\/v2\/product"}],"about":[{"href":"https:\/\/arrakiseditions.fr\/index.php\/wp-json\/wp\/v2\/types\/product"}],"replies":[{"embeddable":true,"href":"https:\/\/arrakiseditions.fr\/index.php\/wp-json\/wp\/v2\/comments?post=88"}],"wp:featuredmedia":[{"embeddable":true,"href":"https:\/\/arrakiseditions.fr\/index.php\/wp-json\/wp\/v2\/media\/89"}],"wp:attachment":[{"href":"https:\/\/arrakiseditions.fr\/index.php\/wp-json\/wp\/v2\/media?parent=88"}],"wp:term":[{"taxonomy":"product_brand","embeddable":true,"href":"https:\/\/arrakiseditions.fr\/index.php\/wp-json\/wp\/v2\/product_brand?post=88"},{"taxonomy":"product_cat","embeddable":true,"href":"https:\/\/arrakiseditions.fr\/index.php\/wp-json\/wp\/v2\/product_cat?post=88"},{"taxonomy":"product_tag","embeddable":true,"href":"https:\/\/arrakiseditions.fr\/index.php\/wp-json\/wp\/v2\/product_tag?post=88"}],"curies":[{"name":"wp","href":"https:\/\/api.w.org\/{rel}","templated":true}]}}